{"id":30,"date":"2013-06-02T21:20:35","date_gmt":"2013-06-03T01:20:35","guid":{"rendered":"http:\/\/croisieres-julien-cloutier.com\/web\/?page_id=30"},"modified":"2026-03-16T19:04:54","modified_gmt":"2026-03-16T23:04:54","slug":"tarif","status":"publish","type":"page","link":"https:\/\/croisieres-julien-cloutier.com\/web\/tarif\/","title":{"rendered":"Tarif"},"content":{"rendered":"<h2><span style=\"color:#ff0000;\"><strong>Il n&rsquo;y a aucune r\u00e9servation en ligne ou par t\u00e9l\u00e9phone. Il n&rsquo;y a aucune r\u00e9servation pour la croisi\u00e8re Tour du Rocher Perc\u00e9 et de l&rsquo;\u00eele Bonaventure. La r\u00e9servation pour la croisi\u00e8re d&rsquo;observation des baleines se fait sur place en billetterie \u00e0 l&rsquo;achat de votre billet. Pour plus d&rsquo;informations voir la section de la croisi\u00e8re souhait\u00e9e. Vous devez communiquer avec nous par courriel pour un groupe de 20 adultes et plus.<\/strong><\/span><\/h2>\n<p>Adresses de nos billetteries :<br \/>\n5, rue du Quai Perc\u00e9<br \/>\n146, route 132 Ouest Perc\u00e9<br \/>\n199, route 132 Ouest Perc\u00e9<\/p>\n<p>Ouverture des billetteries :<br \/>\nEn saison, tous les jours de 8h00 \u00e0 16h00<\/p>\n<p style=\"text-align:left;\"><strong>Croisi\u00e8re du Rocher Perc\u00e9 et de l&rsquo;\u00eele Bonaventure :<\/strong><\/p>\n<p>Le tarif comprend l&rsquo;aller-retour<\/p>\n<p>Dur\u00e9e : 1h15<\/p>\n<p>Tarifs 2025 :<\/p>\n<p>Adulte : 45$ taxes incluses<br \/>\nEnfant 3 \u00e0 12 ans : 25$ taxes incluses<br \/>\nEnfant 0 \u00e0 2ans : Gratuit<br \/>\n<span style=\"color:#ff0000;\"><em><strong>!!IMPORTANT!! <\/strong><\/em><\/span>Le tarif de la croisi\u00e8re <span style=\"text-decoration:underline;\"><strong>NE COMPREND PAS<\/strong><\/span> l&rsquo;acc\u00e8s au Parc National de l&rsquo;\u00cele Bonaventure et du Rocher Perc\u00e9.<\/p>\n<p>Pour informations visiter le site de la SEPAQ : <a href=\"https:\/\/www.sepaq.com\/pq\/bon\/tarifs.dot\" target=\"_blank\" rel=\"noopener\">https:\/\/www.sepaq.com\/pq\/bon\/tarifs.dot<\/a><\/p>\n<p>_________________________________________________________________________<\/p>\n<p>Direct \u00cele Bonaventure<\/p>\n<p>Le tarif comprend l&rsquo;aller-retour<\/p>\n<p>Dur\u00e9e : 30 minutes<\/p>\n<p>Tarifs 2025 :<\/p>\n<p>Adulte : 42$ taxes incluses<br \/>\nEnfant 3 \u00e0 12 ans : 25$ taxes incluses<br \/>\nEnfant 0 \u00e0 2 ans : Gratuit<\/p>\n<p>!!IMPORTANT!! Le tarif de la travers\u00e9e en direct NE COMPREND PAS l&rsquo;acc\u00e8s au Parc National de l&rsquo;\u00cele Bonaventure et du Rocher Perc\u00e9.<\/p>\n<p>Pour informations visiter le site de la SEPAQ : https:\/\/www.sepaq.com\/pq\/bon\/tarifs.do<\/p>\n<p>_______________________________________________________________________<\/p>\n<p><strong>Croisi\u00e8re d&rsquo;observation des baleines<\/strong><\/p>\n<p>Saison 2025<\/p>\n<p><strong>Bateau :<\/strong><br \/>\nAdulte : 90$ taxes incluses<br \/>\nEnfant 3 \u00e0 12 ans : 55 $ taxes incluses<br \/>\nEnfant 0 \u00e0 2 ans : Gratuit<\/p>\n<p>Dur\u00e9e 2h30<\/p>\n<p><strong>Zodiac : fin de saison 14 ao\u00fbt<\/strong><\/p>\n<p>Adulte : 95$ taxes incluses Enfant 6 \u00e0 12 ans : 95$ taxes incluses<\/p>\n<p>Dur\u00e9e 2h00<\/p>\n<p><strong>Remboursement Croisi\u00e8re Rocher Perc\u00e9 et \u00eele Bonaventure<\/strong><br \/>\n!!! Veuillez prendre note que nous ne remboursons pas les billets si vous avez fait la croisi\u00e8re et ce malgr\u00e9 le fait que nous n&rsquo;aurions pas pu faire escale \u00e0 l&rsquo;\u00eele Bonaventure. Nous ne sommes pas responsable des changements des conditions maritimes qui nous emp\u00eacheraient d&rsquo;accoster au quai de l&rsquo;\u00eele. Il nous est impossible de savoir si nous pouvons accoster au quai de l&rsquo;\u00eele avant d&rsquo;y \u00eatre, surtout pour le premier d\u00e9part de la journ\u00e9e. Le billet peut \u00eatre rembours\u00e9 seulement s&rsquo;il n&rsquo;a pas \u00e9t\u00e9 utilis\u00e9 (D\u00e9chir\u00e9). !!!<br \/>\n<span style=\"color:#000000;\"><span style=\"text-decoration:underline;\"><strong>Remboursement Croisi\u00e8re d&rsquo;observation des baleines<\/strong><\/span><\/span><br \/>\n<span style=\"color:#ff0000;\">!!!<\/span><span style=\"text-decoration:underline;\">Veuillez prendre note que nous travaillons tr\u00e8s fort pour vous donner la chance d&rsquo;observer les baleines, mais \u00e0 aucun moment nous ne pouvons vous garantir que les baleines seront au rendez-vous. Ce type de croisi\u00e8re est impr\u00e9visible, le territoire est vaste et les animaux se d\u00e9placent parfois rapidement. Les billets pour cette croisi\u00e8re sont remboursable seulement si le d\u00e9part a \u00e9t\u00e9 annul\u00e9 pour cause de mauvaises conditions maritimes. Nous n&rsquo;effectuons aucun remboursement pour une croisi\u00e8re sans observation ou pour des billets d\u00e9j\u00e0 utilis\u00e9s. Seul le capitaine de la croisi\u00e8re d&rsquo;observation des baleines peut d\u00e9cider si les gens peuvent obtenir une nouvelle place gratuite pour une prochaine excursion (Si les prochains d\u00e9parts ne sont pas d\u00e9j\u00e0 complets) Dans ce cas uniquement vous devez vous pr\u00e9senter en billetterie pour faire valider votre billet.<\/span>!!!<\/p>\n<p>______________________________________________________________________<\/p>\n<p>Tarifs de groupes disponibles<\/p>\n<p><strong>R\u00e9servations obligatoires pour les groupes de 20 adultes et plus Communiquez avec<\/strong> <strong>nous<\/strong> : <strong><a href=\"mailto:croisierejuliencloutier@outlook.com\" target=\"_blank\" rel=\"noopener\">croisierejuliencloutier@outlook.com<\/a><\/strong><\/p>\n","protected":false},"excerpt":{"rendered":"<p>Il n&rsquo;y a aucune r\u00e9servation en ligne ou par t\u00e9l\u00e9phone. Il n&rsquo;y a aucune r\u00e9servation pour la croisi\u00e8re Tour du Rocher Perc\u00e9 et de l&rsquo;\u00eele Bonaventure. La r\u00e9servation pour la croisi\u00e8re d&rsquo;observation des baleines se fait sur place en billetterie &hellip; <a href=\"https:\/\/croisieres-julien-cloutier.com\/web\/tarif\/\">Continuer la lecture <span class=\"meta-nav\">&rarr;<\/span><\/a><\/p>\n","protected":false},"author":1,"featured_media":0,"parent":0,"menu_order":0,"comment_status":"closed","ping_status":"closed","template":"sidebar-page.php","meta":[],"_links":{"self":[{"href":"https:\/\/croisieres-julien-cloutier.com\/web\/wp-json\/wp\/v2\/pages\/30"}],"collection":[{"href":"https:\/\/croisieres-julien-cloutier.com\/web\/wp-json\/wp\/v2\/pages"}],"about":[{"href":"https:\/\/croisieres-julien-cloutier.com\/web\/wp-json\/wp\/v2\/types\/page"}],"author":[{"embeddable":true,"href":"https:\/\/croisieres-julien-cloutier.com\/web\/wp-json\/wp\/v2\/users\/1"}],"replies":[{"embeddable":true,"href":"https:\/\/croisieres-julien-cloutier.com\/web\/wp-json\/wp\/v2\/comments?post=30"}],"version-history":[{"count":82,"href":"https:\/\/croisieres-julien-cloutier.com\/web\/wp-json\/wp\/v2\/pages\/30\/revisions"}],"predecessor-version":[{"id":985,"href":"https:\/\/croisieres-julien-cloutier.com\/web\/wp-json\/wp\/v2\/pages\/30\/revisions\/985"}],"wp:attachment":[{"href":"https:\/\/croisieres-julien-cloutier.com\/web\/wp-json\/wp\/v2\/media?parent=30"}],"curies":[{"name":"wp","href":"https:\/\/api.w.org\/{rel}","templated":true}]}}