{"id":223,"date":"2020-12-03T03:34:31","date_gmt":"2020-12-03T08:34:31","guid":{"rendered":"http:\/\/croisieres-julien-cloutier.com\/web\/?page_id=223"},"modified":"2021-01-11T19:25:24","modified_gmt":"2021-01-12T00:25:24","slug":"contact-2","status":"publish","type":"page","link":"https:\/\/croisieres-julien-cloutier.com\/web\/contact-2\/","title":{"rendered":"Contact"},"content":{"rendered":"<p><a href=\"http:\/\/croisieres-julien-cloutier.com\/web\/wp-content\/uploads\/2020\/12\/IMG_1057.jpg\" rel=\"attachment wp-att-317\"><img loading=\"lazy\" class=\"alignnone wp-image-317\" src=\"http:\/\/croisieres-julien-cloutier.com\/web\/wp-content\/uploads\/2020\/12\/IMG_1057-300x225.jpg\" alt=\"IMG_1057\" width=\"275\" height=\"206\" srcset=\"https:\/\/croisieres-julien-cloutier.com\/web\/wp-content\/uploads\/2020\/12\/IMG_1057-300x225.jpg 300w, https:\/\/croisieres-julien-cloutier.com\/web\/wp-content\/uploads\/2020\/12\/IMG_1057-768x576.jpg 768w, https:\/\/croisieres-julien-cloutier.com\/web\/wp-content\/uploads\/2020\/12\/IMG_1057-1024x768.jpg 1024w, https:\/\/croisieres-julien-cloutier.com\/web\/wp-content\/uploads\/2020\/12\/IMG_1057-400x300.jpg 400w\" sizes=\"(max-width: 275px) 100vw, 275px\" \/><\/a><a href=\"http:\/\/croisieres-julien-cloutier.com\/web\/wp-content\/uploads\/2020\/12\/IMG_0733.jpg\" rel=\"attachment wp-att-290\"><img loading=\"lazy\" class=\"alignnone wp-image-290\" src=\"http:\/\/croisieres-julien-cloutier.com\/web\/wp-content\/uploads\/2020\/12\/IMG_0733-300x225.jpg\" alt=\"IMG_0733\" width=\"275\" height=\"206\" srcset=\"https:\/\/croisieres-julien-cloutier.com\/web\/wp-content\/uploads\/2020\/12\/IMG_0733-300x225.jpg 300w, https:\/\/croisieres-julien-cloutier.com\/web\/wp-content\/uploads\/2020\/12\/IMG_0733-768x576.jpg 768w, https:\/\/croisieres-julien-cloutier.com\/web\/wp-content\/uploads\/2020\/12\/IMG_0733-1024x768.jpg 1024w, https:\/\/croisieres-julien-cloutier.com\/web\/wp-content\/uploads\/2020\/12\/IMG_0733-400x300.jpg 400w\" sizes=\"(max-width: 275px) 100vw, 275px\" \/><\/a><\/p>\n<p><strong>Les Bateaux de Croisi\u00e8re Julien Cloutier Inc<\/strong>.<\/p>\n<p>From the Perc\u00e9 wharf, departing every day from May to October. According to sea conditions. Come weigh anchor with us in Gasp\u00e9sie.<\/p>\n<p>5, rue du Quai\u00a0 Perc\u00e9, Qu\u00e9bec, G0C 2L0<br \/>Telephone : 418-782-2161<br \/>Toll free : 1-877-782-2161<\/p>\n<p>On our Facebook page :\u00a0<a href=\"https:\/\/www.facebook.com\/CroisiereJulienCloutier\" target=\"_blank\" rel=\"noopener\">Les Bateaux de Croisi\u00e8res Julien Cloutier Inc.<\/a><\/p>\n<p>Email :\u00a0<a href=\"mailto:croisierejuliencloutier@outlook.com\" target=\"_blank\" rel=\"noopener\">croisierejuliencloutier@outlook.com<\/a>\u00a0 \u00a0Reservation for groups of 20 people or more.<\/p>\n\n\n<p><\/p>\n","protected":false},"excerpt":{"rendered":"<p>Les Bateaux de Croisi\u00e8re Julien Cloutier Inc. From the Perc\u00e9 wharf, departing every day from May to October. According to sea conditions. Come weigh anchor with us in Gasp\u00e9sie. 5, rue du Quai\u00a0 Perc\u00e9, Qu\u00e9bec, G0C 2L0Telephone : 418-782-2161Toll free &hellip; <a href=\"https:\/\/croisieres-julien-cloutier.com\/web\/contact-2\/\">Continuer la lecture <span class=\"meta-nav\">&rarr;<\/span><\/a><\/p>\n","protected":false},"author":1,"featured_media":0,"parent":0,"menu_order":0,"comment_status":"closed","ping_status":"closed","template":"sidebar-page.php","meta":[],"_links":{"self":[{"href":"https:\/\/croisieres-julien-cloutier.com\/web\/wp-json\/wp\/v2\/pages\/223"}],"collection":[{"href":"https:\/\/croisieres-julien-cloutier.com\/web\/wp-json\/wp\/v2\/pages"}],"about":[{"href":"https:\/\/croisieres-julien-cloutier.com\/web\/wp-json\/wp\/v2\/types\/page"}],"author":[{"embeddable":true,"href":"https:\/\/croisieres-julien-cloutier.com\/web\/wp-json\/wp\/v2\/users\/1"}],"replies":[{"embeddable":true,"href":"https:\/\/croisieres-julien-cloutier.com\/web\/wp-json\/wp\/v2\/comments?post=223"}],"version-history":[{"count":8,"href":"https:\/\/croisieres-julien-cloutier.com\/web\/wp-json\/wp\/v2\/pages\/223\/revisions"}],"predecessor-version":[{"id":490,"href":"https:\/\/croisieres-julien-cloutier.com\/web\/wp-json\/wp\/v2\/pages\/223\/revisions\/490"}],"wp:attachment":[{"href":"https:\/\/croisieres-julien-cloutier.com\/web\/wp-json\/wp\/v2\/media?parent=223"}],"curies":[{"name":"wp","href":"https:\/\/api.w.org\/{rel}","templated":true}]}}