{"id":21,"date":"2013-06-02T17:16:44","date_gmt":"2013-06-02T21:16:44","guid":{"rendered":"http:\/\/croisieres-julien-cloutier.com\/web\/?page_id=21"},"modified":"2024-06-12T09:57:08","modified_gmt":"2024-06-12T13:57:08","slug":"contact","status":"publish","type":"page","link":"https:\/\/croisieres-julien-cloutier.com\/web\/contact\/","title":{"rendered":"Contact"},"content":{"rendered":"<p><a href=\"http:\/\/croisieres-julien-cloutier.com\/web\/wp-content\/uploads\/2020\/12\/IMG_1057.jpg\" rel=\"attachment wp-att-317\"><img loading=\"lazy\" class=\"alignnone wp-image-317\" src=\"http:\/\/croisieres-julien-cloutier.com\/web\/wp-content\/uploads\/2020\/12\/IMG_1057-300x225.jpg\" alt=\"IMG_1057\" width=\"275\" height=\"206\" srcset=\"https:\/\/croisieres-julien-cloutier.com\/web\/wp-content\/uploads\/2020\/12\/IMG_1057-300x225.jpg 300w, https:\/\/croisieres-julien-cloutier.com\/web\/wp-content\/uploads\/2020\/12\/IMG_1057-768x576.jpg 768w, https:\/\/croisieres-julien-cloutier.com\/web\/wp-content\/uploads\/2020\/12\/IMG_1057-1024x768.jpg 1024w, https:\/\/croisieres-julien-cloutier.com\/web\/wp-content\/uploads\/2020\/12\/IMG_1057-400x300.jpg 400w\" sizes=\"(max-width: 275px) 100vw, 275px\" \/><\/a><\/p>\n<p><a href=\"http:\/\/croisieres-julien-cloutier.com\/web\/wp-content\/uploads\/2020\/12\/IMG_0733.jpg\" rel=\"attachment wp-att-290\"><img loading=\"lazy\" class=\"alignnone wp-image-290\" src=\"http:\/\/croisieres-julien-cloutier.com\/web\/wp-content\/uploads\/2020\/12\/IMG_0733-300x225.jpg\" alt=\"IMG_0733\" width=\"275\" height=\"206\" srcset=\"https:\/\/croisieres-julien-cloutier.com\/web\/wp-content\/uploads\/2020\/12\/IMG_0733-300x225.jpg 300w, https:\/\/croisieres-julien-cloutier.com\/web\/wp-content\/uploads\/2020\/12\/IMG_0733-768x576.jpg 768w, https:\/\/croisieres-julien-cloutier.com\/web\/wp-content\/uploads\/2020\/12\/IMG_0733-1024x768.jpg 1024w, https:\/\/croisieres-julien-cloutier.com\/web\/wp-content\/uploads\/2020\/12\/IMG_0733-400x300.jpg 400w\" sizes=\"(max-width: 275px) 100vw, 275px\" \/><\/a><\/p>\n<p>Du quai de Perc\u00e9, d\u00e9parts tous les jours de mai \u00e0 octobre. Selon les conditions maritimes. Venez lever l&rsquo;ancre avec nous en Gasp\u00e9sie.<\/p>\n<p><em><strong>Les Bateaux de Croisi\u00e8res Julien Cloutier Inc<\/strong><\/em><\/p>\n<p>429, rue du Quai  Perc\u00e9, Qu\u00e9bec, G0C 2L0<br \/>\nT\u00e9l\u00e9phone : 418-782-2161<br \/>\nSans frais : 1-877-782-2161<\/p>\n<p>Sur notre page Facebook : <a href=\"https:\/\/www.facebook.com\/CroisiereJulienCloutier\" target=\"_blank\" rel=\"noopener\">Les Bateaux de Croisi\u00e8res Julien Cloutier Inc.<\/a><\/p>\n<p>Courriel : <a href=\"mailto:croisierejuliencloutier@outlook.com\" target=\"_blank\" rel=\"noopener\">croisierejuliencloutier@outlook.com<\/a>    R\u00e9servation pour les groupes de 20 personnes et plus.<\/p>\n","protected":false},"excerpt":{"rendered":"<p>Du quai de Perc\u00e9, d\u00e9parts tous les jours de mai \u00e0 octobre. Selon les conditions maritimes. Venez lever l&rsquo;ancre avec nous en Gasp\u00e9sie. Les Bateaux de Croisi\u00e8res Julien Cloutier Inc 429, rue du Quai Perc\u00e9, Qu\u00e9bec, G0C 2L0 T\u00e9l\u00e9phone : &hellip; <a href=\"https:\/\/croisieres-julien-cloutier.com\/web\/contact\/\">Continuer la lecture <span class=\"meta-nav\">&rarr;<\/span><\/a><\/p>\n","protected":false},"author":1,"featured_media":0,"parent":0,"menu_order":0,"comment_status":"closed","ping_status":"closed","template":"sidebar-page.php","meta":[],"_links":{"self":[{"href":"https:\/\/croisieres-julien-cloutier.com\/web\/wp-json\/wp\/v2\/pages\/21"}],"collection":[{"href":"https:\/\/croisieres-julien-cloutier.com\/web\/wp-json\/wp\/v2\/pages"}],"about":[{"href":"https:\/\/croisieres-julien-cloutier.com\/web\/wp-json\/wp\/v2\/types\/page"}],"author":[{"embeddable":true,"href":"https:\/\/croisieres-julien-cloutier.com\/web\/wp-json\/wp\/v2\/users\/1"}],"replies":[{"embeddable":true,"href":"https:\/\/croisieres-julien-cloutier.com\/web\/wp-json\/wp\/v2\/comments?post=21"}],"version-history":[{"count":16,"href":"https:\/\/croisieres-julien-cloutier.com\/web\/wp-json\/wp\/v2\/pages\/21\/revisions"}],"predecessor-version":[{"id":878,"href":"https:\/\/croisieres-julien-cloutier.com\/web\/wp-json\/wp\/v2\/pages\/21\/revisions\/878"}],"wp:attachment":[{"href":"https:\/\/croisieres-julien-cloutier.com\/web\/wp-json\/wp\/v2\/media?parent=21"}],"curies":[{"name":"wp","href":"https:\/\/api.w.org\/{rel}","templated":true}]}}