{"id":191,"date":"2020-12-03T01:46:59","date_gmt":"2020-12-03T06:46:59","guid":{"rendered":"http:\/\/croisieres-julien-cloutier.com\/web\/?page_id=191"},"modified":"2025-06-30T16:20:44","modified_gmt":"2025-06-30T20:20:44","slug":"boutique","status":"publish","type":"page","link":"https:\/\/croisieres-julien-cloutier.com\/web\/boutique\/","title":{"rendered":"Boutique"},"content":{"rendered":"<p><a href=\"http:\/\/croisieres-julien-cloutier.com\/web\/wp-content\/uploads\/2020\/12\/Goeland.jpg\"><img loading=\"lazy\" class=\"alignnone size-full wp-image-201\" src=\"http:\/\/croisieres-julien-cloutier.com\/web\/wp-content\/uploads\/2020\/12\/Goeland.jpg\" alt=\"\" width=\"259\" height=\"194\" \/><\/a><a href=\"http:\/\/croisieres-julien-cloutier.com\/web\/wp-content\/uploads\/2020\/12\/ecole.jpg\"><img loading=\"lazy\" class=\"alignnone size-full wp-image-361\" src=\"http:\/\/croisieres-julien-cloutier.com\/web\/wp-content\/uploads\/2020\/12\/ecole.jpg\" alt=\"\" width=\"259\" height=\"194\" \/><\/a><\/p>\n<p>Situ\u00e9es au Coeur du village de Perc\u00e9, nos 2 boutiques de souvenirs regorgent de tr\u00e9sors.<\/p>\n<p>V\u00eatements, bijoux, d\u00e9coration, articles de maison, cartes postales, artisanat local et plus encore.<\/p>\n<p><strong>Boutique Le Go\u00e9land<\/strong>\u00a0 \u00a0146, route 132 Ouest Perc\u00e9<\/p>\n<p><strong>Boutique L\u2019Ancienne \u00c9cole<\/strong>\u00a0 \u00a0 2, rue de l\u2019\u00c9glise Perc\u00e9<\/p>\n<p>Suivez-nous sur Facebook : <a href=\"https:\/\/www.facebook.com\/BoutiqueLeGoeland\">https:\/\/www.facebook.com\/BoutiqueLeGoeland<\/a><\/p>\n<p><span style=\"color: #ff0000;\"><strong><u>Rabais de 15% sur certains articles en boutique avec pr\u00e9sentation de votre billet de croisi\u00e8re.<\/u><\/strong><\/span><\/p>\n<p>Les billets de croisi\u00e8res sont en vente dans l\u2019une des billetteries du village de Perc\u00e9. Voir la section <a href=\"http:\/\/croisieres-julien-cloutier.com\/web\/tarifs\/\">Tarif<\/a><strong>\u00a0<\/strong>pour plus d\u2019informations.<\/p>\n","protected":false},"excerpt":{"rendered":"<p>Situ\u00e9es au Coeur du village de Perc\u00e9, nos 2 boutiques de souvenirs regorgent de tr\u00e9sors. V\u00eatements, bijoux, d\u00e9coration, articles de maison, cartes postales, artisanat local et plus encore. Boutique Le Go\u00e9land\u00a0 \u00a0146, route 132 Ouest Perc\u00e9 Boutique L\u2019Ancienne \u00c9cole\u00a0 \u00a0 &hellip; <a href=\"https:\/\/croisieres-julien-cloutier.com\/web\/boutique\/\">Continuer la lecture <span class=\"meta-nav\">&rarr;<\/span><\/a><\/p>\n","protected":false},"author":1,"featured_media":0,"parent":0,"menu_order":0,"comment_status":"closed","ping_status":"closed","template":"sidebar-page.php","meta":[],"_links":{"self":[{"href":"https:\/\/croisieres-julien-cloutier.com\/web\/wp-json\/wp\/v2\/pages\/191"}],"collection":[{"href":"https:\/\/croisieres-julien-cloutier.com\/web\/wp-json\/wp\/v2\/pages"}],"about":[{"href":"https:\/\/croisieres-julien-cloutier.com\/web\/wp-json\/wp\/v2\/types\/page"}],"author":[{"embeddable":true,"href":"https:\/\/croisieres-julien-cloutier.com\/web\/wp-json\/wp\/v2\/users\/1"}],"replies":[{"embeddable":true,"href":"https:\/\/croisieres-julien-cloutier.com\/web\/wp-json\/wp\/v2\/comments?post=191"}],"version-history":[{"count":19,"href":"https:\/\/croisieres-julien-cloutier.com\/web\/wp-json\/wp\/v2\/pages\/191\/revisions"}],"predecessor-version":[{"id":567,"href":"https:\/\/croisieres-julien-cloutier.com\/web\/wp-json\/wp\/v2\/pages\/191\/revisions\/567"}],"wp:attachment":[{"href":"https:\/\/croisieres-julien-cloutier.com\/web\/wp-json\/wp\/v2\/media?parent=191"}],"curies":[{"name":"wp","href":"https:\/\/api.w.org\/{rel}","templated":true}]}}