{"id":153,"date":"2020-12-02T22:03:17","date_gmt":"2020-12-03T03:03:17","guid":{"rendered":"http:\/\/croisieres-julien-cloutier.com\/web\/?page_id=153"},"modified":"2025-10-18T22:43:52","modified_gmt":"2025-10-19T02:43:52","slug":"horaire","status":"publish","type":"page","link":"https:\/\/croisieres-julien-cloutier.com\/web\/horaire\/","title":{"rendered":"Horaire"},"content":{"rendered":"\n<h2 class=\"wp-block-heading\" style=\"font-size:24px\"><strong>Horaire 2025<\/strong><\/h2>\n\n\n\n<p>Saison termin\u00e9e. <\/p>\n\n\n\n<p>Merci de votre confiance.<\/p>\n\n\n\n<h2 class=\"wp-block-heading\" style=\"font-size:24px\"><strong>Horaire 2026<\/strong><\/h2>\n\n\n\n<p><strong>Croisi\u00e8re tour du Rocher Perc\u00e9 et de l&rsquo;\u00eele Bonaventure<\/strong><\/p>\n\n\n\n<p class=\"has-light-green-cyan-background-color has-background\"><strong><mark style=\"background-color:rgba(0, 0, 0, 0);color:#000000\" class=\"has-inline-color has-black-color\">\u00c0 partir du d\u00e9but de la saison jusqu&rsquo;au ** juin 2026<\/mark><\/strong><\/p>\n\n\n\n<p>D\u00e9part pour la croisi\u00e8re Tour du Rocher Perc\u00e9 et de l&rsquo;\u00eele Bonaventure\u00a0 <strong>sans<\/strong> d\u00e9barquement sur l&rsquo;\u00eele Bonaventure<\/p>\n\n\n\n<p><strong><mark style=\"background-color:rgba(0, 0, 0, 0); color:#0693E3;\" class=\"has-inline-color\">10h00 et 12h00<\/mark><\/strong><\/p>\n\n\n\n<p class=\"has-pale-cyan-blue-background-color has-background\"><strong>\u00c0 partir du ** juin 2026 jusqu&rsquo;au ** juin 2026<\/strong><\/p>\n\n\n\n<p>Travers\u00e9e directe vers l&rsquo;\u00eele Bonaventure<\/p>\n\n\n\n<p>**<\/p>\n\n\n\n<p>D\u00e9part pour la croisi\u00e8re Tour du Rocher Perc\u00e9 et de l&rsquo;\u00eele Bonaventure <strong>avec ou sans<\/strong> d\u00e9barquement sur l&rsquo;\u00eele Bonaventure<\/p>\n\n\n\n<p>**<\/p>\n\n\n\n<p>D\u00e9part pour la croisi\u00e8re Tour du Rocher Perc\u00e9 et de l&rsquo;\u00eele Bonaventure\u00a0<strong>sans<\/strong> d\u00e9barquement sur l&rsquo;\u00eele Bonaventure<\/p>\n\n\n\n<p>**<\/p>\n\n\n\n<p>Retour de l&rsquo;\u00eele Bonaventure vers Perc\u00e9<\/p>\n\n\n\n<p>**<\/p>\n\n\n\n<p class=\"has-vivid-cyan-blue-background-color has-background\"><strong>\u00c0 partir du ** juin 2026<\/strong> <strong>jusqu&rsquo;au ** septembre 2026<\/strong><\/p>\n\n\n\n<p>Travers\u00e9e directe vers l&rsquo;\u00eele Bonaventure<\/p>\n\n\n\n<p><strong><mark style=\"background-color:rgba(0,0,0,0);color:#0693e3\" class=\"has-inline-color has-vivid-cyan-blue-color\">8h45<\/mark><\/strong><\/p>\n\n\n\n<p>D\u00e9part pour la croisi\u00e8re Tour du Rocher Perc\u00e9 et de l&rsquo;\u00eele Bonaventure\u00a0<strong>avec ou sans<\/strong> d\u00e9barquement sur l&rsquo;\u00eele Bonaventure<\/p>\n\n\n\n<p class=\"has-vivid-cyan-blue-color has-text-color\"><strong><mark style=\"background-color:rgba(0,0,0,0);color:#0693e3\" class=\"has-inline-color has-vivid-cyan-blue-color\">9h00 &#8211; 10h30 &#8211; 12h00 &#8211; 13h30<\/mark><\/strong><\/p>\n\n\n\n<p>D\u00e9part pour la croisi\u00e8re Tour du Rocher Perc\u00e9 et de l&rsquo;\u00eele Bonaventure <strong>sans<\/strong> d\u00e9barquement sur l&rsquo;\u00eele Bonaventure<\/p>\n\n\n\n<p>Retour de l&rsquo;\u00eele Bonaventure vers Perc\u00e9<\/p>\n\n\n\n<p><strong><mark style=\"background-color:rgba(0,0,0,0);color:#0693e3\" class=\"has-inline-color has-vivid-cyan-blue-color\">10h00 &#8211; 11h30 &#8211; 13h00 &#8211; 14h30 &#8211; 16h00 &#8211; 17h00<\/mark><\/strong><\/p>\n\n\n\n<p class=\"has-background\" style=\"background-color:#b5c928\"><strong>\u00c0 partir du ** septembre 2026 jusqu&rsquo;au ** octobre 2026<\/strong><\/p>\n\n\n\n<p>Travers\u00e9e directe vers l&rsquo;\u00eele Bonaventure<\/p>\n\n\n\n<p><strong><mark style=\"background-color:rgba(0,0,0,0);color:#0693e3\" class=\"has-inline-color has-vivid-cyan-blue-color\">9h00<\/mark><\/strong><\/p>\n\n\n\n<p>D\u00e9part pour la croisi\u00e8re Tour du Rocher Perc\u00e9 et de l&rsquo;\u00eele Bonaventure&nbsp; <strong>avec ou sans<\/strong> d\u00e9barquement sur l&rsquo;\u00eele Bonaventure<\/p>\n\n\n\n<p><strong><mark style=\"background-color:rgba(0,0,0,0);color:#0693e3\" class=\"has-inline-color has-vivid-cyan-blue-color\">9h00 &#8211; 11h00 &#8211; 12h30<\/mark><\/strong><\/p>\n\n\n\n<p>Retour de l&rsquo;\u00eele Bonaventure vers Perc\u00e9<\/p>\n\n\n\n<p><strong><mark style=\"background-color:rgba(0,0,0,0);color:#0693e3\" class=\"has-inline-color has-vivid-cyan-blue-color\">10h00 &#8211; 12h00 &#8211; 13h30 &#8211; 15h00 et 16h00<\/mark><\/strong><\/p>\n\n\n\n<p class=\"has-background\" style=\"background-color:#bba029\"><strong>\u00c0 partir du ** octobre 2026 jusqu&rsquo;\u00e0 la fin de la saison<\/strong><\/p>\n\n\n\n<p>D\u00e9part pour la croisi\u00e8re Tour du Rocher Perc\u00e9 et de l&rsquo;\u00eele Bonaventure\u00a0<strong> sans<\/strong> d\u00e9barquement sur l&rsquo;\u00eele Bonaventure<\/p>\n\n\n\n<p><strong><mark style=\"background-color:rgba(0, 0, 0, 0);color:#0693e3\" class=\"has-inline-color has-vivid-cyan-blue-color\">10h00 et 12h00<\/mark><\/strong><\/p>\n\n\n\n<p>L&rsquo;horaire est mise \u00e0 jour \u00e0 chaque changement durant la saison.<\/p>\n\n\n\n<p><strong>D\u00e9part \u00e0 tous les jours, selon les conditions maritimes du moment. L&rsquo;horaire est sujet \u00e0 changement sans pr\u00e9avis.<\/strong><\/p>\n\n\n\n<p>________________________________________________________________________<\/p>\n\n\n\n<p class=\"has-background\" style=\"background-color:#769aec\"><strong>Croisi\u00e8re d&rsquo;observation des baleines<\/strong><\/p>\n\n\n\n<p>Fin de la saison 2025 <\/p>\n\n\n\n<p>15 septembre.<\/p>\n\n\n\n<p>Un nombre minimal de passagers est requis pour le d\u00e9part<\/p>\n\n\n\n<p><mark style=\"background-color:rgba(0,0,0,0);color:#cf2e2e\" class=\"has-inline-color has-vivid-red-color\">Important : Il est important de vous habiller chaudement pour la croisi\u00e8re d&rsquo;observation des baleines. Nous ne fournissons pas de manteau de pluie ou v\u00eatements chauds pour cette croisi\u00e8re.<\/mark><\/p>\n","protected":false},"excerpt":{"rendered":"<p>Horaire 2025 Saison termin\u00e9e. Merci de votre confiance. Horaire 2026 Croisi\u00e8re tour du Rocher Perc\u00e9 et de l&rsquo;\u00eele Bonaventure \u00c0 partir du d\u00e9but de la saison jusqu&rsquo;au ** juin 2026 D\u00e9part pour la croisi\u00e8re Tour du Rocher Perc\u00e9 et de &hellip; <a href=\"https:\/\/croisieres-julien-cloutier.com\/web\/horaire\/\">Continuer la lecture <span class=\"meta-nav\">&rarr;<\/span><\/a><\/p>\n","protected":false},"author":1,"featured_media":0,"parent":0,"menu_order":0,"comment_status":"closed","ping_status":"closed","template":"sidebar-page.php","meta":[],"_links":{"self":[{"href":"https:\/\/croisieres-julien-cloutier.com\/web\/wp-json\/wp\/v2\/pages\/153"}],"collection":[{"href":"https:\/\/croisieres-julien-cloutier.com\/web\/wp-json\/wp\/v2\/pages"}],"about":[{"href":"https:\/\/croisieres-julien-cloutier.com\/web\/wp-json\/wp\/v2\/types\/page"}],"author":[{"embeddable":true,"href":"https:\/\/croisieres-julien-cloutier.com\/web\/wp-json\/wp\/v2\/users\/1"}],"replies":[{"embeddable":true,"href":"https:\/\/croisieres-julien-cloutier.com\/web\/wp-json\/wp\/v2\/comments?post=153"}],"version-history":[{"count":150,"href":"https:\/\/croisieres-julien-cloutier.com\/web\/wp-json\/wp\/v2\/pages\/153\/revisions"}],"predecessor-version":[{"id":980,"href":"https:\/\/croisieres-julien-cloutier.com\/web\/wp-json\/wp\/v2\/pages\/153\/revisions\/980"}],"wp:attachment":[{"href":"https:\/\/croisieres-julien-cloutier.com\/web\/wp-json\/wp\/v2\/media?parent=153"}],"curies":[{"name":"wp","href":"https:\/\/api.w.org\/{rel}","templated":true}]}}