{"id":15,"date":"2013-06-02T17:07:43","date_gmt":"2013-06-02T21:07:43","guid":{"rendered":"http:\/\/croisieres-julien-cloutier.com\/web\/?page_id=15"},"modified":"2024-07-18T19:22:05","modified_gmt":"2024-07-18T23:22:05","slug":"croisiere-rocher-perce-et-ile-bonaventure","status":"publish","type":"page","link":"https:\/\/croisieres-julien-cloutier.com\/web\/croisiere-rocher-perce-et-ile-bonaventure\/","title":{"rendered":"Croisi\u00e8re Rocher Perc\u00e9 et \u00cele Bonaventure"},"content":{"rendered":"<p><a href=\"http:\/\/croisieres-julien-cloutier.com\/web\/wp-content\/uploads\/2020\/12\/IMG_1073.jpg\" rel=\"attachment wp-att-318\"><img loading=\"lazy\" class=\"alignnone wp-image-318\" src=\"http:\/\/croisieres-julien-cloutier.com\/web\/wp-content\/uploads\/2020\/12\/IMG_1073-300x225.jpg\" alt=\"IMG_1073\" width=\"275\" height=\"206\" srcset=\"https:\/\/croisieres-julien-cloutier.com\/web\/wp-content\/uploads\/2020\/12\/IMG_1073-300x225.jpg 300w, https:\/\/croisieres-julien-cloutier.com\/web\/wp-content\/uploads\/2020\/12\/IMG_1073-768x576.jpg 768w, https:\/\/croisieres-julien-cloutier.com\/web\/wp-content\/uploads\/2020\/12\/IMG_1073-1024x768.jpg 1024w, https:\/\/croisieres-julien-cloutier.com\/web\/wp-content\/uploads\/2020\/12\/IMG_1073-400x300.jpg 400w\" sizes=\"(max-width: 275px) 100vw, 275px\" \/><\/a><\/p>\n<p><a href=\"http:\/\/croisieres-julien-cloutier.com\/web\/wp-content\/uploads\/2020\/12\/Bateau-Rocher.jpg\" rel=\"attachment wp-att-394\"><img loading=\"lazy\" class=\"alignnone wp-image-394\" src=\"http:\/\/croisieres-julien-cloutier.com\/web\/wp-content\/uploads\/2020\/12\/Bateau-Rocher-300x225.jpg\" alt=\"Bateau Rocher\" width=\"275\" height=\"206\" srcset=\"https:\/\/croisieres-julien-cloutier.com\/web\/wp-content\/uploads\/2020\/12\/Bateau-Rocher-300x225.jpg 300w, https:\/\/croisieres-julien-cloutier.com\/web\/wp-content\/uploads\/2020\/12\/Bateau-Rocher-768x576.jpg 768w, https:\/\/croisieres-julien-cloutier.com\/web\/wp-content\/uploads\/2020\/12\/Bateau-Rocher-400x300.jpg 400w, https:\/\/croisieres-julien-cloutier.com\/web\/wp-content\/uploads\/2020\/12\/Bateau-Rocher.jpg 960w\" sizes=\"(max-width: 275px) 100vw, 275px\" \/><\/a><\/p>\n<p>De mi mai \u00e0 la mi octobre<\/p>\n<p style=\"text-align:left;\">L&rsquo;excursion autour du Rocher Perc\u00e9 et de l&rsquo;\u00cele Bonaventure est <strong>L&rsquo;ACTIVIT\u00c9 QU&rsquo;IL FAUT FAIRE <\/strong>lors de son passage dans le magnifique village pittoresque de Perc\u00e9. Avec plusieurs d\u00e9parts par jour, cette croisi\u00e8re comment\u00e9e comblera tous vos sens.<\/p>\n<p style=\"text-align:left;\">\u00c0 partir du tout nouveau quai de Perc\u00e9, nos bateaux vous am\u00e8nent autour du mythique Rocher Perc\u00e9, embl\u00e8me touristique du Qu\u00e9bec. Ce mastodonte de 5 millions de tonnes, tr\u00f4ne tout pr\u00e8s de la c\u00f4te, t\u00e9moin des mill\u00e9naires, il nous raconte l&rsquo;histoire au travers ses strates de calcaire rempli de fossiles. <span style=\"color:#ff0000;\"><strong>!!!<\/strong><\/span> Il est interdit de vous rendre \u00e0 pied au Rocher Perc\u00e9. Les oiseaux qui y nichent sont effray\u00e9s par la pr\u00e9sence humaine se qui met en danger la vie des petits. De plus, les falaises du Rocher s&rsquo;effritent sous l&rsquo;assaut des \u00e9l\u00e9ments et perdent environ 1 tonne de roches par jour ! Notre croisi\u00e8re est la fa\u00e7on de d\u00e9couvrir le Rocher Perc\u00e9 en toute s\u00e9curit\u00e9.<span style=\"color:#ff0000;\"><strong>!!!<\/strong><\/span><\/p>\n<p><a href=\"http:\/\/croisieres-julien-cloutier.com\/web\/wp-content\/uploads\/2020\/12\/IMG_1101.jpg\" rel=\"attachment wp-att-319\"><img loading=\"lazy\" class=\"alignnone wp-image-319\" src=\"http:\/\/croisieres-julien-cloutier.com\/web\/wp-content\/uploads\/2020\/12\/IMG_1101-300x225.jpg\" alt=\"IMG_1101\" width=\"275\" height=\"206\" srcset=\"https:\/\/croisieres-julien-cloutier.com\/web\/wp-content\/uploads\/2020\/12\/IMG_1101-300x225.jpg 300w, https:\/\/croisieres-julien-cloutier.com\/web\/wp-content\/uploads\/2020\/12\/IMG_1101-768x576.jpg 768w, https:\/\/croisieres-julien-cloutier.com\/web\/wp-content\/uploads\/2020\/12\/IMG_1101-1024x768.jpg 1024w, https:\/\/croisieres-julien-cloutier.com\/web\/wp-content\/uploads\/2020\/12\/IMG_1101-400x300.jpg 400w\" sizes=\"(max-width: 275px) 100vw, 275px\" \/><\/a><\/p>\n<p><a href=\"http:\/\/croisieres-julien-cloutier.com\/web\/wp-content\/uploads\/2020\/12\/pingouin.jpg\" rel=\"attachment wp-att-400\"><img loading=\"lazy\" class=\"alignnone wp-image-400\" src=\"http:\/\/croisieres-julien-cloutier.com\/web\/wp-content\/uploads\/2020\/12\/pingouin-300x214.jpg\" alt=\"pingouin\" width=\"275\" height=\"196\" srcset=\"https:\/\/croisieres-julien-cloutier.com\/web\/wp-content\/uploads\/2020\/12\/pingouin-300x214.jpg 300w, https:\/\/croisieres-julien-cloutier.com\/web\/wp-content\/uploads\/2020\/12\/pingouin-768x548.jpg 768w, https:\/\/croisieres-julien-cloutier.com\/web\/wp-content\/uploads\/2020\/12\/pingouin-1024x731.jpg 1024w, https:\/\/croisieres-julien-cloutier.com\/web\/wp-content\/uploads\/2020\/12\/pingouin-420x300.jpg 420w, https:\/\/croisieres-julien-cloutier.com\/web\/wp-content\/uploads\/2020\/12\/pingouin.jpg 2048w\" sizes=\"(max-width: 275px) 100vw, 275px\" \/><\/a><\/p>\n<p style=\"text-align:left;\">Par la suite, nous vous ferons d\u00e9couvrir les falaises color\u00e9es de l&rsquo;\u00eele Bonaventure. Situ\u00e9e \u00e0 proximit\u00e9 de la c\u00f4te de Perc\u00e9, cette \u00eele myst\u00e9rieuse vous \u00e9merveillera par sa faune, sa flore et son histoire. Plus de 250 000 oiseaux marins viennent y nicher durant la saison estivale, dont la plus importante colonie de fous de Bassan en Am\u00e9rique du Nord et la plus accessible au monde. Nul part ailleurs vous pourrez observer ces majestueux oiseaux d&rsquo;aussi pr\u00e8s.<\/p>\n<p><a href=\"http:\/\/croisieres-julien-cloutier.com\/web\/wp-content\/uploads\/2020\/12\/IMG_2634.jpg\" rel=\"attachment wp-att-342\"><img loading=\"lazy\" class=\"alignnone wp-image-342\" src=\"http:\/\/croisieres-julien-cloutier.com\/web\/wp-content\/uploads\/2020\/12\/IMG_2634-300x225.jpg\" alt=\"IMG_2634\" width=\"275\" height=\"206\" srcset=\"https:\/\/croisieres-julien-cloutier.com\/web\/wp-content\/uploads\/2020\/12\/IMG_2634-300x225.jpg 300w, https:\/\/croisieres-julien-cloutier.com\/web\/wp-content\/uploads\/2020\/12\/IMG_2634-768x576.jpg 768w, https:\/\/croisieres-julien-cloutier.com\/web\/wp-content\/uploads\/2020\/12\/IMG_2634-1024x768.jpg 1024w, https:\/\/croisieres-julien-cloutier.com\/web\/wp-content\/uploads\/2020\/12\/IMG_2634-400x300.jpg 400w\" sizes=\"(max-width: 275px) 100vw, 275px\" \/><\/a><\/p>\n<p><a href=\"http:\/\/croisieres-julien-cloutier.com\/web\/wp-content\/uploads\/2020\/12\/IMG_3477.jpg\" rel=\"attachment wp-att-359\"><img loading=\"lazy\" class=\"alignnone wp-image-359\" src=\"http:\/\/croisieres-julien-cloutier.com\/web\/wp-content\/uploads\/2020\/12\/IMG_3477-300x225.jpg\" alt=\"phoque 5\" width=\"275\" height=\"206\" srcset=\"https:\/\/croisieres-julien-cloutier.com\/web\/wp-content\/uploads\/2020\/12\/IMG_3477-300x225.jpg 300w, https:\/\/croisieres-julien-cloutier.com\/web\/wp-content\/uploads\/2020\/12\/IMG_3477-768x576.jpg 768w, https:\/\/croisieres-julien-cloutier.com\/web\/wp-content\/uploads\/2020\/12\/IMG_3477-1024x768.jpg 1024w, https:\/\/croisieres-julien-cloutier.com\/web\/wp-content\/uploads\/2020\/12\/IMG_3477-400x300.jpg 400w\" sizes=\"(max-width: 275px) 100vw, 275px\" \/><\/a><\/p>\n<p style=\"text-align:left;\">Autour de cette \u00eele unique, barbote une colonie de phoques gris. Avec leur yeux curieux et leur long nez, ils s\u00e9duisent tous nos passagers.<\/p>\n<p style=\"text-align:left;\">En plus des oiseaux et des phoques, cette croisi\u00e8re vous r\u00e9serve des surprises. Des baleines, poissons lune, tortues luth ou encore requins p\u00e8lerin croiseront peut \u00eatre votre route. Avec la nature, les capitaines peuvent t\u00e9moigner que chaque croisi\u00e8re est unique.<\/p>\n<p><a href=\"http:\/\/croisieres-julien-cloutier.com\/web\/wp-content\/uploads\/2020\/12\/IMG_0986.jpg\" rel=\"attachment wp-att-356\"><img loading=\"lazy\" class=\"alignnone wp-image-311\" src=\"http:\/\/croisieres-julien-cloutier.com\/web\/wp-content\/uploads\/2020\/12\/IMG_0986-300x225.jpg\" alt=\"\" width=\"275\" height=\"206\" srcset=\"https:\/\/croisieres-julien-cloutier.com\/web\/wp-content\/uploads\/2020\/12\/IMG_0986-300x225.jpg 300w, https:\/\/croisieres-julien-cloutier.com\/web\/wp-content\/uploads\/2020\/12\/IMG_0986-768x576.jpg 768w, https:\/\/croisieres-julien-cloutier.com\/web\/wp-content\/uploads\/2020\/12\/IMG_0986-1024x768.jpg 1024w, https:\/\/croisieres-julien-cloutier.com\/web\/wp-content\/uploads\/2020\/12\/IMG_0986-400x300.jpg 400w\" sizes=\"(max-width: 275px) 100vw, 275px\" \/><\/a><\/p>\n<p><a href=\"http:\/\/croisieres-julien-cloutier.com\/web\/wp-content\/uploads\/2020\/12\/IMG_1035.jpg\" rel=\"attachment wp-att-316\"><img loading=\"lazy\" class=\"alignnone wp-image-316\" src=\"http:\/\/croisieres-julien-cloutier.com\/web\/wp-content\/uploads\/2020\/12\/IMG_1035-300x225.jpg\" alt=\"IMG_1035\" width=\"275\" height=\"206\" srcset=\"https:\/\/croisieres-julien-cloutier.com\/web\/wp-content\/uploads\/2020\/12\/IMG_1035-300x225.jpg 300w, https:\/\/croisieres-julien-cloutier.com\/web\/wp-content\/uploads\/2020\/12\/IMG_1035-768x576.jpg 768w, https:\/\/croisieres-julien-cloutier.com\/web\/wp-content\/uploads\/2020\/12\/IMG_1035-1024x768.jpg 1024w, https:\/\/croisieres-julien-cloutier.com\/web\/wp-content\/uploads\/2020\/12\/IMG_1035-400x300.jpg 400w\" sizes=\"(max-width: 275px) 100vw, 275px\" \/><\/a><\/p>\n<p style=\"text-align:left;\">Tous nos bateaux font escale quelques instants au quai du Parc National de l&rsquo;\u00cele Bonaventure. Il sera alors possible, pour ceux qui souhaite pousser l&rsquo;aventure plus loin, de faire escale sur l&rsquo;\u00eele pour aller marcher dans les sentiers. Plusieurs retours durant la journ\u00e9e vous ram\u00e8neront \u00e0 Perc\u00e9 une fois votre visite termin\u00e9e.<\/p>\n<p>Informations pour le Parc National : <a href=\"https:\/\/www.sepaq.com\/pq\/bon\/\" target=\"_blank\" rel=\"noopener\">https:\/\/www.sepaq.com\/pq\/bon\/<\/a><\/p>\n<p>Dur\u00e9e de la croisi\u00e8re :<br \/>\nAller : Environ 1h00 du quai de Perc\u00e9 au quai de l&rsquo;\u00cele Bonaventure<br \/>\nRetour : Environ 15 minutes du quai de l&rsquo;\u00cele Bonaventure au quai de Perc\u00e9<\/p>\n<p>\u00c0 l&rsquo;exception des chiens d&rsquo;accompagnement, aucun animal de compagnie n&rsquo;est accept\u00e9 \u00e0 bord de nos bateaux.<br \/>\n<span style=\"color:#ff0000;\"><em><strong>!!! <\/strong><\/em><span style=\"text-decoration:underline; color:#ff0000;\"><em><strong>Il <\/strong><\/em><\/span><\/span><span style=\"text-decoration:underline; color:#ff0000;\"><em><strong>n&rsquo;y a aucune r\u00e9servation pour cette croisi\u00e8re si vous \u00eates moins de 20 adultes<\/strong><\/em><\/span><em><strong> <\/strong><\/em><span style=\"color:#ff0000;\"><em><strong>!!!<\/strong><\/em><span style=\"color:#000000;\"> <\/span><\/span><\/p>\n<p style=\"text-align:left;\">Il n&rsquo;y a aucune date ni heure sur le billet. Il vous suffit d&rsquo;acheter un billet dans l&rsquo;une des billetteries du village de Perc\u00e9, par la suite vous vous pr\u00e9sentez sur le quai de Perc\u00e9 avec vos billets en mains, au moins 10 \u00e0 15 minutes avant le d\u00e9part choisi.<\/p>\n<p><strong>R\u00e9servations obligatoires pour les groupes de 20 adultes et plus. Communiquez avec nou<\/strong>s \u00e0 : <strong><a href=\"mailto:croisierejuliencloutier@outlook.com\" target=\"_blank\" rel=\"noopener\">croisierejuliencloutier@outlook.com<\/a><\/strong><\/p>\n<p>Adresses de nos billetteries :<br \/>\n5, rue du Quai Perc\u00e9<br \/>\n146, route 132 Ouest Perc\u00e9<br \/>\n199, route 132 Ouest Perc\u00e9<\/p>\n<p>Ouverture des billetteries :<br \/>\nEn saison, tous les jours de 8h00 \u00e0 16h00<br \/>\n<span style=\"text-decoration:underline;\"><strong>Remboursement Croisi\u00e8re Rocher Perc\u00e9 et \u00eele Bonaventure<\/strong><\/span><br \/>\n<span style=\"color:#ff0000;\"><strong>!!! <\/strong><\/span><span style=\"color:#000000;\"><span style=\"text-decoration:underline;\">Veuillez prendre note que nous ne remboursons pas les billets si vous avez fait la croisi\u00e8re et ce malgr\u00e9 le fait que nous n&rsquo;aurions pas pu faire escale \u00e0 l&rsquo;\u00eele Bonaventure. Nous ne sommes pas responsable des changements des conditions maritimes qui nous emp\u00eacheraient d&rsquo;accoster au quai de l&rsquo;\u00eele. Il nous est impossible de savoir si nous pouvons accoster au quai de l&rsquo;\u00eele avant d&rsquo;y \u00eatre, surtout pour le premier d\u00e9part de la journ\u00e9e. Le billet peut \u00eatre rembours\u00e9 seulement s&rsquo;il n&rsquo;a pas \u00e9t\u00e9 utilis\u00e9.<\/span> <span style=\"color:#ff0000;\"><strong>!!!<\/strong><\/span><\/span><\/p>\n<p><a style=\"font-size: inherit;\" href=\"http:\/\/croisieres-julien-cloutier.com\/web\/wp-content\/uploads\/2020\/12\/felix-1-colonie.jpg\" rel=\"attachment wp-att-397\"><img loading=\"lazy\" class=\"alignnone wp-image-397\" src=\"http:\/\/croisieres-julien-cloutier.com\/web\/wp-content\/uploads\/2020\/12\/felix-1-colonie-300x225.jpg\" alt=\"felix 1 colonie\" width=\"275\" height=\"206\" srcset=\"https:\/\/croisieres-julien-cloutier.com\/web\/wp-content\/uploads\/2020\/12\/felix-1-colonie-300x225.jpg 300w, https:\/\/croisieres-julien-cloutier.com\/web\/wp-content\/uploads\/2020\/12\/felix-1-colonie-400x300.jpg 400w, https:\/\/croisieres-julien-cloutier.com\/web\/wp-content\/uploads\/2020\/12\/felix-1-colonie.jpg 720w\" sizes=\"(max-width: 275px) 100vw, 275px\" \/><\/a><a style=\"font-size: inherit;\" href=\"http:\/\/croisieres-julien-cloutier.com\/web\/wp-content\/uploads\/2020\/12\/IMG_2913.jpg\" rel=\"attachment wp-att-350\"><img loading=\"lazy\" class=\"alignnone wp-image-350\" src=\"http:\/\/croisieres-julien-cloutier.com\/web\/wp-content\/uploads\/2020\/12\/IMG_2913-300x225.jpg\" alt=\"IMG_2913\" width=\"275\" height=\"206\" srcset=\"https:\/\/croisieres-julien-cloutier.com\/web\/wp-content\/uploads\/2020\/12\/IMG_2913-300x225.jpg 300w, https:\/\/croisieres-julien-cloutier.com\/web\/wp-content\/uploads\/2020\/12\/IMG_2913-768x576.jpg 768w, https:\/\/croisieres-julien-cloutier.com\/web\/wp-content\/uploads\/2020\/12\/IMG_2913-1024x768.jpg 1024w, https:\/\/croisieres-julien-cloutier.com\/web\/wp-content\/uploads\/2020\/12\/IMG_2913-400x300.jpg 400w\" sizes=\"(max-width: 275px) 100vw, 275px\" \/><\/a><\/p>\n","protected":false},"excerpt":{"rendered":"<p>De mi mai \u00e0 la mi octobre L&rsquo;excursion autour du Rocher Perc\u00e9 et de l&rsquo;\u00cele Bonaventure est L&rsquo;ACTIVIT\u00c9 QU&rsquo;IL FAUT FAIRE lors de son passage dans le magnifique village pittoresque de Perc\u00e9. Avec plusieurs d\u00e9parts par jour, cette croisi\u00e8re comment\u00e9e &hellip; <a href=\"https:\/\/croisieres-julien-cloutier.com\/web\/croisiere-rocher-perce-et-ile-bonaventure\/\">Continuer la lecture <span class=\"meta-nav\">&rarr;<\/span><\/a><\/p>\n","protected":false},"author":1,"featured_media":0,"parent":0,"menu_order":0,"comment_status":"closed","ping_status":"closed","template":"sidebar-page.php","meta":[],"_links":{"self":[{"href":"https:\/\/croisieres-julien-cloutier.com\/web\/wp-json\/wp\/v2\/pages\/15"}],"collection":[{"href":"https:\/\/croisieres-julien-cloutier.com\/web\/wp-json\/wp\/v2\/pages"}],"about":[{"href":"https:\/\/croisieres-julien-cloutier.com\/web\/wp-json\/wp\/v2\/types\/page"}],"author":[{"embeddable":true,"href":"https:\/\/croisieres-julien-cloutier.com\/web\/wp-json\/wp\/v2\/users\/1"}],"replies":[{"embeddable":true,"href":"https:\/\/croisieres-julien-cloutier.com\/web\/wp-json\/wp\/v2\/comments?post=15"}],"version-history":[{"count":33,"href":"https:\/\/croisieres-julien-cloutier.com\/web\/wp-json\/wp\/v2\/pages\/15\/revisions"}],"predecessor-version":[{"id":892,"href":"https:\/\/croisieres-julien-cloutier.com\/web\/wp-json\/wp\/v2\/pages\/15\/revisions\/892"}],"wp:attachment":[{"href":"https:\/\/croisieres-julien-cloutier.com\/web\/wp-json\/wp\/v2\/media?parent=15"}],"curies":[{"name":"wp","href":"https:\/\/api.w.org\/{rel}","templated":true}]}}