{"id":13,"date":"2013-06-02T21:07:23","date_gmt":"2013-06-03T01:07:23","guid":{"rendered":"http:\/\/croisieres-julien-cloutier.com\/web\/?page_id=13"},"modified":"2025-10-18T23:05:26","modified_gmt":"2025-10-19T03:05:26","slug":"croisiere-dobservation-des-baleines","status":"publish","type":"page","link":"https:\/\/croisieres-julien-cloutier.com\/web\/croisiere-dobservation-des-baleines\/","title":{"rendered":"Croisi\u00e8re d&rsquo;observation des baleines"},"content":{"rendered":"<p><a href=\"http:\/\/croisieres-julien-cloutier.com\/web\/wp-content\/uploads\/2020\/12\/IMG_2569.jpg\" rel=\"attachment wp-att-339\"><img loading=\"lazy\" class=\"alignnone wp-image-339\" src=\"http:\/\/croisieres-julien-cloutier.com\/web\/wp-content\/uploads\/2020\/12\/IMG_2569-300x225.jpg\" alt=\"IMG_2569\" width=\"267\" height=\"200\" srcset=\"https:\/\/croisieres-julien-cloutier.com\/web\/wp-content\/uploads\/2020\/12\/IMG_2569-300x225.jpg 300w, https:\/\/croisieres-julien-cloutier.com\/web\/wp-content\/uploads\/2020\/12\/IMG_2569-768x576.jpg 768w, https:\/\/croisieres-julien-cloutier.com\/web\/wp-content\/uploads\/2020\/12\/IMG_2569-1024x768.jpg 1024w, https:\/\/croisieres-julien-cloutier.com\/web\/wp-content\/uploads\/2020\/12\/IMG_2569-400x300.jpg 400w\" sizes=\"(max-width: 267px) 100vw, 267px\" \/><\/a><\/p>\n<p><a href=\"http:\/\/croisieres-julien-cloutier.com\/web\/wp-content\/uploads\/2020\/12\/A-marsouin.jpg\" rel=\"attachment wp-att-286\"><img loading=\"lazy\" class=\"alignnone wp-image-286\" src=\"http:\/\/croisieres-julien-cloutier.com\/web\/wp-content\/uploads\/2020\/12\/A-marsouin-300x206.jpg\" alt=\"A marsouin\" width=\"289\" height=\"199\" data-temp-aztec-id=\"2973cc20-84ce-4052-859a-41b6be6795e5\" srcset=\"https:\/\/croisieres-julien-cloutier.com\/web\/wp-content\/uploads\/2020\/12\/A-marsouin-300x206.jpg 300w, https:\/\/croisieres-julien-cloutier.com\/web\/wp-content\/uploads\/2020\/12\/A-marsouin-436x300.jpg 436w, https:\/\/croisieres-julien-cloutier.com\/web\/wp-content\/uploads\/2020\/12\/A-marsouin.jpg 599w\" sizes=\"(max-width: 289px) 100vw, 289px\" \/><\/a><\/p>\n<p style=\"text-align:left;\">Du 30 juin au 15 septembre<\/p>\n<p>La Gasp\u00e9sie est l&rsquo;un des meilleurs endroits dans le monde pour l&rsquo;observation des baleines. Chaque ann\u00e9e, ces majestueux mammif\u00e8res marins arrivent du sud pour venir se nourrir dans les eaux riches en poissons de la p\u00e9ninsule gasp\u00e9sienne.<\/p>\n<p style=\"text-align:left;\">Que ce soit \u00e0 bord d&rsquo;un de nos bateaux ou encore de notre confortable zodiac, il nous fera plaisir de vous amener \u00e0 la rencontre des plus gros mammif\u00e8res au monde. Embarquez avec nous, pour avoir la chance de vous approcher de ces g\u00e9ants des mers.<\/p>\n<p><a href=\"http:\/\/croisieres-julien-cloutier.com\/web\/wp-content\/uploads\/2020\/12\/event-baleine.jpg\" rel=\"attachment wp-att-396\"><img loading=\"lazy\" class=\"alignnone wp-image-396\" src=\"http:\/\/croisieres-julien-cloutier.com\/web\/wp-content\/uploads\/2020\/12\/event-baleine-300x225.jpg\" alt=\"event baleine\" width=\"275\" height=\"206\" srcset=\"https:\/\/croisieres-julien-cloutier.com\/web\/wp-content\/uploads\/2020\/12\/event-baleine-300x225.jpg 300w, https:\/\/croisieres-julien-cloutier.com\/web\/wp-content\/uploads\/2020\/12\/event-baleine-400x300.jpg 400w, https:\/\/croisieres-julien-cloutier.com\/web\/wp-content\/uploads\/2020\/12\/event-baleine.jpg 720w\" sizes=\"(max-width: 275px) 100vw, 275px\" \/><\/a><\/p>\n<p><a href=\"http:\/\/croisieres-julien-cloutier.com\/web\/wp-content\/uploads\/2020\/12\/IMG_2521.jpg\" rel=\"attachment wp-att-334\"><img loading=\"lazy\" class=\"alignnone wp-image-334\" src=\"http:\/\/croisieres-julien-cloutier.com\/web\/wp-content\/uploads\/2020\/12\/IMG_2521-300x225.jpg\" alt=\"IMG_2521\" width=\"275\" height=\"206\" srcset=\"https:\/\/croisieres-julien-cloutier.com\/web\/wp-content\/uploads\/2020\/12\/IMG_2521-300x225.jpg 300w, https:\/\/croisieres-julien-cloutier.com\/web\/wp-content\/uploads\/2020\/12\/IMG_2521-768x576.jpg 768w, https:\/\/croisieres-julien-cloutier.com\/web\/wp-content\/uploads\/2020\/12\/IMG_2521-1024x768.jpg 1024w, https:\/\/croisieres-julien-cloutier.com\/web\/wp-content\/uploads\/2020\/12\/IMG_2521-400x300.jpg 400w\" sizes=\"(max-width: 275px) 100vw, 275px\" \/><\/a><\/p>\n<p style=\"text-align:left;\">Le nombre de d\u00e9part et les places \u00e0 bord \u00e9tant limit\u00e9s, nous vous conseillons de r\u00e9server un peu \u00e0 l&rsquo;avance. C&rsquo;est \u00e0 l&rsquo;achat du billet en personne que vous r\u00e9servez votre place. Vous devez vous pr\u00e9sentez en billetterie pour acheter votre billet au moins une heure avant le d\u00e9part surtout durant la p\u00e9riode de la haute saison de mi-juillet jusqu&rsquo;\u00e0 la mi-ao\u00fbt o\u00f9 tous les d\u00e9parts sont souvent complets. Si vous s\u00e9journez plusieurs jours \u00e0 Perc\u00e9, passez nous voir \u00e0 votre arriv\u00e9e. <span style=\"text-decoration:underline;\"><strong>**Suite \u00e0 certains probl\u00e8mes durant les pr\u00e9c\u00e9dentes saisons nous ne prenons plus de r\u00e9servation par t\u00e9l\u00e9phone**<\/strong><\/span><\/p>\n<p>Portez des v\u00eatements chauds. La temp\u00e9rature peut chuter de 10\u00b0C en mer.<\/p>\n<p>Il n&rsquo;y a pas de combo de croisi\u00e8res. Il est tr\u00e8s difficile voir impossible de faire les deux croisi\u00e8res sur la m\u00eame journ\u00e9e si vous pr\u00e9voyez visiter le parc national de l&rsquo;\u00eele Bonaventure. Sans la visite du parc c&rsquo;est possible.<\/p>\n<p style=\"text-align:left;\">\u00c0 l&rsquo;exception des chiens d&rsquo;accompagnement (certificat \u00e0 l&rsquo;appui), aucun animal de compagnie n&rsquo;est accept\u00e9 \u00e0 bord de nos bateaux. Aucun animal quel qu&rsquo;il soit n&rsquo;est accept\u00e9 sur le zodiac.<\/p>\n<p>En op\u00e9ration entre le 30 juin et le 15 septembre. Des changements peuvent survenir.<\/p>\n<p>Dur\u00e9e de la croisi\u00e8re : 2h30 bateau, 2h00 zodiac<\/p>\n<p><a href=\"https:\/\/croisieres-julien-cloutier.com\/web\/horaire\/\">Horaire ici<\/a><\/p>\n<p><a href=\"https:\/\/croisieres-julien-cloutier.com\/web\/tarif\/\">Tarif ici<\/a><\/p>\n<p><strong>R\u00e9servations obligatoires pour les groupes de 20 personnes et plus Communiquez avec nous : <\/strong><strong><a href=\"mailto:croisierejuliencloutier@outlook.com\" target=\"_blank\" rel=\"noopener\">croisierejuliencloutier@outlook.com<\/a><\/strong><\/p>\n<p>Adresses de nos billetteries :<br \/>\n5, rue du Quai Perc\u00e9<br \/>\n146, route 132 Ouest Perc\u00e9<br \/>\n199, route 132 Ouest Perc\u00e9<\/p>\n<p>Ouverture des billetteries :<br \/>\nEn saison, tous les jours de 8h00 \u00e0 16h00<br \/>\n<span style=\"color:#000000;\"><span style=\"text-decoration:underline;\"><strong>Remboursement Croisi\u00e8re d&rsquo;observation des baleines<\/strong><\/span><\/span><br \/>\n<span style=\"color:#ff0000;\">!!!<\/span><span style=\"text-decoration:underline;\">Veuillez prendre note que nous travaillons tr\u00e8s fort pour vous donner la chance d&rsquo;observer les baleines, mais \u00e0 aucun moment nous ne pouvons vous garantir que les baleines seront au rendez-vous. Ce type de croisi\u00e8re est impr\u00e9visible, le territoire est vaste et les animaux se d\u00e9placent parfois rapidement. Les billets pour cette croisi\u00e8re sont remboursable seulement si le d\u00e9part a \u00e9t\u00e9 annul\u00e9 pour cause de mauvaises conditions maritimes. Nous n&rsquo;effectuons aucun remboursement pour une croisi\u00e8re sans observation ou pour des billets d\u00e9j\u00e0 utilis\u00e9s. Seul le capitaine de la croisi\u00e8re d&rsquo;observation des baleines peut d\u00e9cider si les gens peuvent obtenir une nouvelle place gratuite pour une prochaine excursion (Si les prochains d\u00e9parts ne sont pas d\u00e9j\u00e0 complets) Dans ce cas uniquement vous devez vous pr\u00e9senter en billetterie pour faire valider votre billet.<\/span><span style=\"color:#ff0000;\">!!!<\/span><\/p>\n<p><a href=\"http:\/\/croisieres-julien-cloutier.com\/web\/wp-content\/uploads\/2020\/12\/IMG_2800.jpg\" rel=\"attachment wp-att-348\"><img loading=\"lazy\" class=\"alignnone wp-image-348\" src=\"http:\/\/croisieres-julien-cloutier.com\/web\/wp-content\/uploads\/2020\/12\/IMG_2800-300x225.jpg\" alt=\"IMG_2800\" width=\"275\" height=\"206\" srcset=\"https:\/\/croisieres-julien-cloutier.com\/web\/wp-content\/uploads\/2020\/12\/IMG_2800-300x225.jpg 300w, https:\/\/croisieres-julien-cloutier.com\/web\/wp-content\/uploads\/2020\/12\/IMG_2800-768x576.jpg 768w, https:\/\/croisieres-julien-cloutier.com\/web\/wp-content\/uploads\/2020\/12\/IMG_2800-1024x768.jpg 1024w, https:\/\/croisieres-julien-cloutier.com\/web\/wp-content\/uploads\/2020\/12\/IMG_2800-400x300.jpg 400w\" sizes=\"(max-width: 275px) 100vw, 275px\" \/><\/a><a href=\"http:\/\/croisieres-julien-cloutier.com\/web\/wp-content\/uploads\/2020\/12\/IMG_3018.jpg\" rel=\"attachment wp-att-351\"><img loading=\"lazy\" class=\"alignnone wp-image-351\" src=\"http:\/\/croisieres-julien-cloutier.com\/web\/wp-content\/uploads\/2020\/12\/IMG_3018-300x225.jpg\" alt=\"IMG_3018\" width=\"275\" height=\"206\" srcset=\"https:\/\/croisieres-julien-cloutier.com\/web\/wp-content\/uploads\/2020\/12\/IMG_3018-300x225.jpg 300w, https:\/\/croisieres-julien-cloutier.com\/web\/wp-content\/uploads\/2020\/12\/IMG_3018-768x576.jpg 768w, https:\/\/croisieres-julien-cloutier.com\/web\/wp-content\/uploads\/2020\/12\/IMG_3018-1024x768.jpg 1024w, https:\/\/croisieres-julien-cloutier.com\/web\/wp-content\/uploads\/2020\/12\/IMG_3018-400x300.jpg 400w\" sizes=\"(max-width: 275px) 100vw, 275px\" \/><\/a><\/p>\n","protected":false},"excerpt":{"rendered":"<p>Du 30 juin au 15 septembre La Gasp\u00e9sie est l&rsquo;un des meilleurs endroits dans le monde pour l&rsquo;observation des baleines. Chaque ann\u00e9e, ces majestueux mammif\u00e8res marins arrivent du sud pour venir se nourrir dans les eaux riches en poissons de &hellip; <a href=\"https:\/\/croisieres-julien-cloutier.com\/web\/croisiere-dobservation-des-baleines\/\">Continuer la lecture <span class=\"meta-nav\">&rarr;<\/span><\/a><\/p>\n","protected":false},"author":1,"featured_media":0,"parent":0,"menu_order":0,"comment_status":"closed","ping_status":"closed","template":"sidebar-page.php","meta":[],"_links":{"self":[{"href":"https:\/\/croisieres-julien-cloutier.com\/web\/wp-json\/wp\/v2\/pages\/13"}],"collection":[{"href":"https:\/\/croisieres-julien-cloutier.com\/web\/wp-json\/wp\/v2\/pages"}],"about":[{"href":"https:\/\/croisieres-julien-cloutier.com\/web\/wp-json\/wp\/v2\/types\/page"}],"author":[{"embeddable":true,"href":"https:\/\/croisieres-julien-cloutier.com\/web\/wp-json\/wp\/v2\/users\/1"}],"replies":[{"embeddable":true,"href":"https:\/\/croisieres-julien-cloutier.com\/web\/wp-json\/wp\/v2\/comments?post=13"}],"version-history":[{"count":39,"href":"https:\/\/croisieres-julien-cloutier.com\/web\/wp-json\/wp\/v2\/pages\/13\/revisions"}],"predecessor-version":[{"id":984,"href":"https:\/\/croisieres-julien-cloutier.com\/web\/wp-json\/wp\/v2\/pages\/13\/revisions\/984"}],"wp:attachment":[{"href":"https:\/\/croisieres-julien-cloutier.com\/web\/wp-json\/wp\/v2\/media?parent=13"}],"curies":[{"name":"wp","href":"https:\/\/api.w.org\/{rel}","templated":true}]}}